{"id":65,"date":"2019-06-20T13:11:17","date_gmt":"2019-06-20T13:11:17","guid":{"rendered":"http:\/\/lippe-ol.de\/?page_id=65"},"modified":"2021-01-10T10:02:29","modified_gmt":"2021-01-10T10:02:29","slug":"was-ist-ol","status":"publish","type":"page","link":"https:\/\/lippe-ol.de\/?page_id=65","title":{"rendered":"Was ist OL?"},"content":{"rendered":"\n<p>Beim Orientierungslauf (kurz OL) ben\u00f6tigt man neben schnellen Beinen auch einen klaren Kopf, um m\u00f6glichst schnell alle Posten in der richtigen Reihenfolge abzulaufen. <\/p>\n\n\n\n<p>Im Normalfall w\u00e4hlt man eine vorgegebene Bahn entsprechend des Alters und der Erfahrung aus. So gibt es kurze Bahnen, die \u00fcber Wege f\u00fchren, f\u00fcr Einsteiger und junge L\u00e4ufer bis 12 Jahren, schwere lange Bahnen mit wenig Leitlininen f\u00fcr die Hauptklasse sowie schwere kurze f\u00fcr die \u00e4ltesten Teilnehmer. Die Bahn besteht dabei aus einem Start  (auf der Karte als Dreieck  eingezeichnet) , den Posten (Kreise) und dem Ziel (Doppelkreis). Die Karte zu der Bahn wird zu der zugewiesenen Startzeit dem L\u00e4ufer ausgeh\u00e4ndigt, bzw. liegt in Boxen zur freien Entnahme. Es gibt auch Wettbewerbe mit  Massenstart, das hei\u00dft alle Teilnehmer starten zur gleichen Zeit. Bei Staffeln ist das immer der Fall, w\u00e4hrend es bei Einzell\u00e4ufen eher die Ausnahme ist. <\/p>\n\n\n\n<p>Mit einem langen Piepton beginnt die Zeit zu z\u00e4hlen, der L\u00e4ufer schaut zum ersten Mal auf &#8222;seine&#8220; Bahn und w\u00e4hlt die Route zum ersten Posten. Dieser ist je nach Bahn unterschiedlich, so das man seinen Weg alleine gehen muss.<\/p>\n\n\n\n<figure class=\"wp-block-image\"><img loading=\"lazy\" decoding=\"async\" width=\"497\" height=\"377\" src=\"https:\/\/lippe-ol.de\/wp-content\/uploads\/2021\/01\/Start_erster-Posten-1.jpg\" alt=\"\" class=\"wp-image-164\" srcset=\"https:\/\/lippe-ol.de\/wp-content\/uploads\/2021\/01\/Start_erster-Posten-1.jpg 497w, https:\/\/lippe-ol.de\/wp-content\/uploads\/2021\/01\/Start_erster-Posten-1-300x228.jpg 300w\" sizes=\"auto, (max-width: 497px) 100vw, 497px\" \/><\/figure>\n\n\n\n<p>Bei der Routenwahl benutzt man sogenannte Leitlinien und Absprungpunkte. Leitlinien k\u00f6nnen Wege, Bachl\u00e4ufe, Grenzen von verschiedenen Baumbest\u00e4nden oder auch markante H\u00f6henformationen sein. Absprungpunkte sind Einzelobjekte, die einen genauen Standort definieren und von dem man mit Hilfe des Kompass direkt auf den Posten zul\u00e4uft. Damit ergeben sich auch unterschiedliche Laufgeschwindigkeiten: Entlang von Linien kann eine hohe Geschwindigkeit bis zum ausgew\u00e4hlten (Absprung-)Punkt gelaufen werden, w\u00e4hrend beim Anlaufen des Postens das Gel\u00e4nde mit der Karte intensiver abgeglichen werden muss.<\/p>\n\n\n\n<p>Zu jedem Posten gibt es eine Beschreibung mit speziellen Symbolen, die das Objekt und seine exakte Position beschreibt. An den Posten befinden sich elektronische Einrichtungen, an denen die Laufzeit auf einen mitgef\u00fchrten Chip \u00fcbertragen wird.<\/p>\n\n\n\n<figure class=\"wp-block-image\"><img loading=\"lazy\" decoding=\"async\" width=\"524\" height=\"731\" src=\"https:\/\/lippe-ol.de\/wp-content\/uploads\/2021\/01\/Postenbeschreibung-2.jpg\" alt=\"\" class=\"wp-image-167\" srcset=\"https:\/\/lippe-ol.de\/wp-content\/uploads\/2021\/01\/Postenbeschreibung-2.jpg 524w, https:\/\/lippe-ol.de\/wp-content\/uploads\/2021\/01\/Postenbeschreibung-2-215x300.jpg 215w\" sizes=\"auto, (max-width: 524px) 100vw, 524px\" \/><\/figure>\n\n\n\n<p>Vor dem Zieleinlauf befindet sich der &#8222;letzte&#8220; Posten. Hier werden alle Bahnen wieder zusammengef\u00fchrt und man holt noch einmal alles aus sich raus, um die vielleicht entscheidenden Sekunden zu gewinnen.<\/p>\n\n\n\n<figure class=\"wp-block-image\"><img loading=\"lazy\" decoding=\"async\" width=\"497\" height=\"377\" src=\"https:\/\/lippe-ol.de\/wp-content\/uploads\/2021\/01\/letzter-Posten-Ziel-1.jpg\" alt=\"\" class=\"wp-image-165\" srcset=\"https:\/\/lippe-ol.de\/wp-content\/uploads\/2021\/01\/letzter-Posten-Ziel-1.jpg 497w, https:\/\/lippe-ol.de\/wp-content\/uploads\/2021\/01\/letzter-Posten-Ziel-1-300x228.jpg 300w\" sizes=\"auto, (max-width: 497px) 100vw, 497px\" \/><\/figure>\n\n\n\n<p>Der Chip wird nach dem Ziel an einer Auslesestation ausgewertet und man erh\u00e4lt einen kleinen Zettel mit der Gesamtlaufzeit und den einzelnen Zeiten zu den Posten. Wenn man nicht alle Posten gestempelt hat, erscheint auf dem Zettel &#8222;Fehlstempel&#8220; und der L\u00e4ufer blickt trotzig, weil er sich keines Fehlers bewusst ist oder traurig, weil er wei\u00df, wo er nicht war. Aber aufh\u00f6ren gibt es nicht, der Wettkampf, um alles besser zu machen, wartet schon &#8230;<\/p>\n","protected":false},"excerpt":{"rendered":"<p>Beim Orientierungslauf (kurz OL) ben\u00f6tigt man neben schnellen Beinen auch einen klaren Kopf, um m\u00f6glichst schnell alle Posten in der richtigen Reihenfolge abzulaufen. Im Normalfall w\u00e4hlt man eine vorgegebene Bahn entsprechend des Alters und der Erfahrung aus. So gibt es kurze Bahnen, die \u00fcber Wege f\u00fchren, f\u00fcr Einsteiger und junge L\u00e4ufer bis 12 Jahren, schwere<\/p><\/div>\n<div class=\"blog-btn\"><a href=\"https:\/\/lippe-ol.de\/?page_id=65\" class=\"home-blog-btn\">Weiterlesen<\/a><\/p>\n","protected":false},"author":1,"featured_media":0,"parent":0,"menu_order":0,"comment_status":"closed","ping_status":"closed","template":"","meta":{"footnotes":""},"class_list":["post-65","page","type-page","status-publish","hentry"],"_links":{"self":[{"href":"https:\/\/lippe-ol.de\/index.php?rest_route=\/wp\/v2\/pages\/65","targetHints":{"allow":["GET"]}}],"collection":[{"href":"https:\/\/lippe-ol.de\/index.php?rest_route=\/wp\/v2\/pages"}],"about":[{"href":"https:\/\/lippe-ol.de\/index.php?rest_route=\/wp\/v2\/types\/page"}],"author":[{"embeddable":true,"href":"https:\/\/lippe-ol.de\/index.php?rest_route=\/wp\/v2\/users\/1"}],"replies":[{"embeddable":true,"href":"https:\/\/lippe-ol.de\/index.php?rest_route=%2Fwp%2Fv2%2Fcomments&post=65"}],"version-history":[{"count":16,"href":"https:\/\/lippe-ol.de\/index.php?rest_route=\/wp\/v2\/pages\/65\/revisions"}],"predecessor-version":[{"id":173,"href":"https:\/\/lippe-ol.de\/index.php?rest_route=\/wp\/v2\/pages\/65\/revisions\/173"}],"wp:attachment":[{"href":"https:\/\/lippe-ol.de\/index.php?rest_route=%2Fwp%2Fv2%2Fmedia&parent=65"}],"curies":[{"name":"wp","href":"https:\/\/api.w.org\/{rel}","templated":true}]}}