{"id":11,"date":"2019-06-19T21:25:49","date_gmt":"2019-06-19T21:25:49","guid":{"rendered":"http:\/\/lippe-ol.de\/?page_id=11"},"modified":"2024-03-03T09:45:17","modified_gmt":"2024-03-03T09:45:17","slug":"impressum","status":"publish","type":"page","link":"https:\/\/lippe-ol.de\/?page_id=11","title":{"rendered":"Impressum"},"content":{"rendered":"\n<p><strong>Impressum<\/strong><\/p>\n\n\n\n<p>Orientierungslauf Team Lippe e.V.<\/p>\n\n\n\n<p>Fitzweg 20<\/p>\n\n\n\n<p>32758 Detmold<\/p>\n\n\n\n<p>Kontakt:<\/p>\n\n\n\n<p>Tel. 05232\/703437<\/p>\n\n\n\n<p>e-Mail: meldung@lippe-ol.de<\/p>\n\n\n\n<p>Web: https:\/\/lippe-ol.de<\/p>\n\n\n\n<p>Vereinsregisternr.: AG Lemgo,\nVR61605<\/p>\n\n\n\n<p>Steuernummer: 313\/5901\/2331<\/p>\n\n\n\n<p>Vorsitzender: Volker Caspari<\/p>\n\n\n\n<p><strong>Verantwortlich f\u00fcr den\nInhalt nach \u00a7 55 Abs. 2 RStV:<\/strong><\/p>\n\n\n\n<p>Volker Caspari<br>Fitzweg<br>32758\nDetmold<\/p>\n\n\n\n<p>email: meldung@lippe-ol.de<\/p>\n\n\n\n<p><strong>Haftungsausschluss: <\/strong>\n<\/p>\n\n\n\n<p><strong>Haftung f\u00fcr Inhalte<\/strong><\/p>\n\n\n\n<p>Die Inhalte unserer Seiten wurden\nmit gr\u00f6\u00dfter Sorgfalt erstellt. F\u00fcr die Richtigkeit,\nVollst\u00e4ndigkeit und Aktualit\u00e4t der Inhalte k\u00f6nnen wir jedoch keine\nGew\u00e4hr \u00fcbernehmen. Als Diensteanbieter sind wir gem\u00e4\u00df \u00a7 7 Abs.1\nTMG f\u00fcr eigene Inhalte auf diesen Seiten nach den allgemeinen\nGesetzen verantwortlich. Nach \u00a7\u00a7 8 bis 10 TMG sind wir als\nDiensteanbieter jedoch nicht verpflichtet, \u00fcbermittelte oder\ngespeicherte fremde Informationen zu \u00fcberwachen oder nach Umst\u00e4nden\nzu forschen, die auf eine rechtswidrige T\u00e4tigkeit hinweisen.\nVerpflichtungen zur Entfernung oder Sperrung der Nutzung von\nInformationen nach den allgemeinen Gesetzen bleiben hiervon\nunber\u00fchrt. Eine diesbez\u00fcgliche Haftung ist jedoch erst ab dem\nZeitpunkt der Kenntnis einer konkreten Rechtsverletzung m\u00f6glich. Bei\nBekanntwerden von entsprechenden Rechtsverletzungen werden wir diese\nInhalte umgehend entfernen.<\/p>\n\n\n\n<p><strong>Haftung f\u00fcr Links<\/strong><\/p>\n\n\n\n<p>Unser Angebot enth\u00e4lt Links zu\nexternen Webseiten Dritter, auf deren Inhalte wir keinen Einfluss\nhaben. Deshalb k\u00f6nnen wir f\u00fcr diese fremden Inhalte auch keine\nGew\u00e4hr \u00fcbernehmen. F\u00fcr die Inhalte der verlinkten Seiten ist stets\nder jeweilige Anbieter oder Betreiber der Seiten verantwortlich. Die\nverlinkten Seiten wurden zum Zeitpunkt der Verlinkung auf m\u00f6gliche\nRechtsverst\u00f6\u00dfe \u00fcberpr\u00fcft. Rechtswidrige Inhalte waren zum\nZeitpunkt der Verlinkung nicht erkennbar. Eine permanente inhaltliche\nKontrolle der verlinkten Seiten ist jedoch ohne konkrete\nAnhaltspunkte einer Rechtsverletzung nicht zumutbar. Bei\nBekanntwerden von Rechtsverletzungen werden wir derartige Links\numgehend entfernen.<\/p>\n\n\n\n<p><strong>Urheberrecht<\/strong><\/p>\n\n\n\n<p>Die durch die Seitenbetreiber\nerstellten Inhalte und Werke auf diesen Seiten unterliegen dem\ndeutschen Urheberrecht. Die Vervielf\u00e4ltigung, Bearbeitung,\nVerbreitung und jede Art der Verwertung au\u00dferhalb der Grenzen des\nUrheberrechtes bed\u00fcrfen der schriftlichen Zustimmung des jeweiligen\nAutors bzw. Erstellers. Downloads und Kopien dieser Seite sind nur\nf\u00fcr den privaten, nicht kommerziellen Gebrauch gestattet. Soweit die\nInhalte auf dieser Seite nicht vom Betreiber erstellt wurden, werden\ndie Urheberrechte Dritter beachtet. Insbesondere werden Inhalte\nDritter als solche gekennzeichnet. Sollten Sie trotzdem auf eine\nUrheberrechtsverletzung aufmerksam werden, bitten wir um einen\nentsprechenden Hinweis. Bei Bekanntwerden von Rechtsverletzungen\nwerden wir derartige Inhalte umgehend entfernen.<\/p>\n","protected":false},"excerpt":{"rendered":"<p>Impressum Orientierungslauf Team Lippe e.V. Fitzweg 20 32758 Detmold Kontakt: Tel. 05232\/703437 e-Mail: meldung@lippe-ol.de Web: https:\/\/lippe-ol.de Vereinsregisternr.: AG Lemgo, VR61605 Steuernummer: 313\/5901\/2331 Vorsitzender: Volker Caspari Verantwortlich f\u00fcr den Inhalt nach \u00a7 55 Abs. 2 RStV: Volker CaspariFitzweg32758 Detmold email: meldung@lippe-ol.de Haftungsausschluss: Haftung f\u00fcr Inhalte Die Inhalte unserer Seiten wurden mit gr\u00f6\u00dfter Sorgfalt erstellt. F\u00fcr die<\/p><\/div>\n<div class=\"blog-btn\"><a href=\"https:\/\/lippe-ol.de\/?page_id=11\" class=\"home-blog-btn\">Weiterlesen<\/a><\/p>\n","protected":false},"author":1,"featured_media":0,"parent":0,"menu_order":0,"comment_status":"closed","ping_status":"closed","template":"","meta":{"footnotes":""},"class_list":["post-11","page","type-page","status-publish","hentry"],"_links":{"self":[{"href":"https:\/\/lippe-ol.de\/index.php?rest_route=\/wp\/v2\/pages\/11","targetHints":{"allow":["GET"]}}],"collection":[{"href":"https:\/\/lippe-ol.de\/index.php?rest_route=\/wp\/v2\/pages"}],"about":[{"href":"https:\/\/lippe-ol.de\/index.php?rest_route=\/wp\/v2\/types\/page"}],"author":[{"embeddable":true,"href":"https:\/\/lippe-ol.de\/index.php?rest_route=\/wp\/v2\/users\/1"}],"replies":[{"embeddable":true,"href":"https:\/\/lippe-ol.de\/index.php?rest_route=%2Fwp%2Fv2%2Fcomments&post=11"}],"version-history":[{"count":2,"href":"https:\/\/lippe-ol.de\/index.php?rest_route=\/wp\/v2\/pages\/11\/revisions"}],"predecessor-version":[{"id":256,"href":"https:\/\/lippe-ol.de\/index.php?rest_route=\/wp\/v2\/pages\/11\/revisions\/256"}],"wp:attachment":[{"href":"https:\/\/lippe-ol.de\/index.php?rest_route=%2Fwp%2Fv2%2Fmedia&parent=11"}],"curies":[{"name":"wp","href":"https:\/\/api.w.org\/{rel}","templated":true}]}}